{"id":286,"date":"2023-12-09T11:58:47","date_gmt":"2023-12-09T11:58:47","guid":{"rendered":"http:\/\/www.mnwebdesign.nstrefa.pl\/mojapolska\/?page_id=286"},"modified":"2024-02-07T12:50:36","modified_gmt":"2024-02-07T12:50:36","slug":"azure-powershell-kit","status":"publish","type":"page","link":"https:\/\/www.mnwebdesign.nstrefa.pl\/mojapolska\/","title":{"rendered":"Azure PowerShell Kit"},"content":{"rendered":"<p>[et_pb_section fb_built=&#8221;1&#8243; admin_label=&#8221;Header&#8221; _builder_version=&#8221;4.24.0&#8243; use_background_color_gradient=&#8221;on&#8221; background_color_gradient_direction=&#8221;124deg&#8221; background_color_gradient_stops=&#8221;rgba(255,255,255,0.1) 30%|#31d190 90%&#8221; background_color_gradient_start=&#8221;rgba(255,255,255,0.1)&#8221; background_color_gradient_start_position=&#8221;30%&#8221; background_color_gradient_end=&#8221;#31d190&#8243; background_color_gradient_end_position=&#8221;90%&#8221; background_image=&#8221;http:\/\/www.mnwebdesign.nstrefa.pl\/mojapolska\/wp-content\/uploads\/2023\/12\/ebook-24.png&#8221; background_position=&#8221;bottom_center&#8221; overflow-x=&#8221;hidden&#8221; custom_padding=&#8221;5vw||4vw|0px|false|false&#8221; border_color_all=&#8221;#31d190&#8243; border_width_left=&#8221;10px&#8221; locked=&#8221;off&#8221; global_colors_info=&#8221;{}&#8221;][et_pb_row column_structure=&#8221;1_2,1_2&#8243; use_custom_gutter=&#8221;on&#8221; gutter_width=&#8221;4&#8243; _builder_version=&#8221;4.24.0&#8243; background_size=&#8221;contain&#8221; background_position=&#8221;bottom_center&#8221; max_width=&#8221;1280px&#8221; collapsed=&#8221;off&#8221; global_colors_info=&#8221;{}&#8221;][et_pb_column type=&#8221;1_2&#8243; _builder_version=&#8221;4.23.1&#8243; custom_padding=&#8221;10px||||false|false&#8221; custom_padding_tablet=&#8221;0vw|||&#8221; global_colors_info=&#8221;{}&#8221; custom_padding__hover=&#8221;|||&#8221;][et_pb_text _builder_version=&#8221;4.23.1&#8243; text_font=&#8221;||||||||&#8221; text_text_color=&#8221;#000000&#8243; header_font=&#8221;Montserrat|800||on|||||&#8221; header_text_color=&#8221;#000000&#8243; header_font_size=&#8221;4.5vw&#8221; header_line_height=&#8221;1.1em&#8221; width=&#8221;100%&#8221; custom_margin=&#8221;||30px|||&#8221; text_font_size_tablet=&#8221;16px&#8221; text_font_size_phone=&#8221;14px&#8221; text_font_size_last_edited=&#8221;on|phone&#8221; text_line_height_tablet=&#8221;1.8em&#8221; text_line_height_phone=&#8221;1.7em&#8221; text_line_height_last_edited=&#8221;off|phone&#8221; header_font_size_tablet=&#8221;8vw&#8221; header_font_size_phone=&#8221;10vw&#8221; header_font_size_last_edited=&#8221;on|phone&#8221; global_colors_info=&#8221;{}&#8221;]<\/p>\n<h1 style=\"font-size: 55px;\">Azure POWERSHELL KIT<\/h1>\n<p><span>Odkryj pot\u0119g\u0119 po\u0142\u0105czenia PowerShell z Azure! Gotowe skrypty PowerShell, zapytania Kusto i inne unikalne dodatki u\u0142atwi\u0105 Ci efektywne zarz\u0105dzanie zasobami w chmurze. Zyskaj pe\u0142n\u0105 kontrol\u0119.<\/span><\/p>\n<ul>\n<li><span style=\"font-size: 18px;\">10+ skrypt\u00f3w PowerShell zwi\u0105zanych z zarz\u0105dzaniem kosztami, certyfikatami i rezerwacjami<\/span><\/li>\n<li><span style=\"font-size: 18px;\">kilka innych przydatnych skrypt\u00f3w do pracy z Azure\u00a0<\/span><\/li>\n<li>30 zapyta\u0144 Kusto Query Language (KQL) z podzia\u0142em na kategorie<br \/><span><\/span><\/li>\n<li>zbi\u00f3r innych przydatnych zasob\u00f3w<\/li>\n<\/ul>\n<p><span><\/span><\/p>\n<p>[\/et_pb_text][et_pb_signup provider=&#8221;mailerlite&#8221; mailerlite_list=&#8221;OpsDock|110016609703167215&#8243; first_name_field=&#8221;off&#8221; last_name_field=&#8221;off&#8221; button_text=&#8221;Daj zna\u0107 jak b\u0119dzie dost\u0119pne!&#8221; _builder_version=&#8221;4.24.0&#8243; form_field_font=&#8221;||||||||&#8221; form_field_line_height=&#8221;1.8em&#8221; use_background_color=&#8221;off&#8221; custom_button=&#8221;on&#8221; button_text_size=&#8221;16px&#8221; button_text_color=&#8221;#ffffff&#8221; button_bg_color=&#8221;#31d190&#8243; button_border_width=&#8221;8px&#8221; button_border_color=&#8221;#31d190&#8243; button_border_radius=&#8221;0px&#8221; button_font=&#8221;Montserrat|700|||||||&#8221; button_use_icon=&#8221;off&#8221; custom_padding=&#8221;0px||||false|false&#8221; hover_enabled=&#8221;0&#8243; border_radii_fields=&#8221;on|0px|0px|0px|0px&#8221; border_width_all_fields=&#8221;4px&#8221; border_color_all_fields=&#8221;#31d190&#8243; global_colors_info=&#8221;{}&#8221; sticky_enabled=&#8221;0&#8243; success_message=&#8221;Posz\u0142o! Sprawd\u017a swojego mail.&#8221; result_message_text_color=&#8221;#000000&#8243; result_message_font_size=&#8221;14px&#8221;][\/et_pb_signup][et_pb_button button_text=&#8221;Kup teraz za 39.99 z\u0142&#8221; disabled_on=&#8221;on|on|on&#8221; _builder_version=&#8221;4.24.0&#8243; custom_button=&#8221;on&#8221; button_text_size=&#8221;16px&#8221; button_text_color=&#8221;#ffffff&#8221; button_bg_color=&#8221;#31d190&#8243; button_border_width=&#8221;0px&#8221; button_border_radius=&#8221;0px&#8221; button_font=&#8221;Montserrat|700|||||||&#8221; button_use_icon=&#8221;off&#8221; custom_margin=&#8221;||16px&#8221; custom_padding=&#8221;18px|40px|18px|40px|true|true&#8221; disabled=&#8221;on&#8221; global_colors_info=&#8221;{}&#8221;][\/et_pb_button][et_pb_button button_text_tablet=&#8221;Download Free Sample&#8221; button_text_phone=&#8221;Download Free Sample&#8221; button_text_last_edited=&#8221;on|desktop&#8221; _builder_version=&#8221;4.23.4&#8243; custom_button=&#8221;on&#8221; button_text_size=&#8221;16px&#8221; button_text_color=&#8221;#000000&#8243; button_bg_color=&#8221;rgba(49,209,144,0)&#8221; button_border_width=&#8221;0px&#8221; button_border_radius=&#8221;0px&#8221; button_font=&#8221;Montserrat|700|||||||&#8221; button_use_icon=&#8221;off&#8221; custom_padding=&#8221;16px||16px||true|true&#8221; box_shadow_style=&#8221;preset4&#8243; box_shadow_horizontal=&#8221;0px&#8221; box_shadow_vertical=&#8221;4px&#8221; box_shadow_color=&#8221;#000000&#8243; global_colors_info=&#8221;{}&#8221; button_bg_color__hover=&#8221;#31d190&#8243; button_text_color__hover_enabled=&#8221;on&#8221; button_text_color__hover=&#8221;#31d190&#8243; box_shadow_color__hover_enabled=&#8221;on&#8221; box_shadow_color__hover=&#8221;#31d190&#8243;][\/et_pb_button][\/et_pb_column][et_pb_column type=&#8221;1_2&#8243; _builder_version=&#8221;4.24.0&#8243; _module_preset=&#8221;default&#8221; global_colors_info=&#8221;{}&#8221;][et_pb_image src=&#8221;http:\/\/www.mnwebdesign.nstrefa.pl\/mojapolska\/wp-content\/uploads\/2024\/02\/visual-studio-powershell.png&#8221; title_text=&#8221;visual-studio-powershell&#8221; _builder_version=&#8221;4.24.0&#8243; _module_preset=&#8221;default&#8221; transform_scale=&#8221;136%|136%&#8221; transform_translate=&#8221;41px|96px&#8221; max_width=&#8221;550px&#8221; box_shadow_style=&#8221;preset2&#8243; box_shadow_horizontal=&#8221;8px&#8221; box_shadow_blur=&#8221;26px&#8221; box_shadow_spread=&#8221;11px&#8221; box_shadow_color=&#8221;RGBA(255,255,255,0)&#8221; global_colors_info=&#8221;{}&#8221;][\/et_pb_image][\/et_pb_column][\/et_pb_row][et_pb_row column_structure=&#8221;1_6,1_6,1_6,1_6,1_6,1_6&#8243; use_custom_gutter=&#8221;on&#8221; gutter_width=&#8221;2&#8243; custom_padding_last_edited=&#8221;on|tablet&#8221; _builder_version=&#8221;4.24.0&#8243; background_size=&#8221;contain&#8221; background_position=&#8221;bottom_center&#8221; max_width=&#8221;1280px&#8221; custom_padding=&#8221;0px|16%||||&#8221; custom_padding_tablet=&#8221;|0px||&#8221; custom_padding_phone=&#8221;&#8221; locked=&#8221;off&#8221; global_colors_info=&#8221;{}&#8221;][et_pb_column type=&#8221;1_6&#8243; _builder_version=&#8221;4.16&#8243; custom_padding=&#8221;|||&#8221; custom_padding_tablet=&#8221;0vw|||&#8221; global_colors_info=&#8221;{}&#8221; custom_padding__hover=&#8221;|||&#8221;][et_pb_gallery gallery_ids=&#8221;379&#8243; _builder_version=&#8221;4.23.4&#8243; _module_preset=&#8221;default&#8221; width=&#8221;75%&#8221; module_alignment=&#8221;center&#8221; child_filter_saturate=&#8221;0%&#8221; child_filter_opacity=&#8221;60%&#8221; global_colors_info=&#8221;{}&#8221;][\/et_pb_gallery][\/et_pb_column][et_pb_column type=&#8221;1_6&#8243; _builder_version=&#8221;4.16&#8243; custom_padding=&#8221;|||&#8221; global_colors_info=&#8221;{}&#8221; custom_padding__hover=&#8221;|||&#8221;][et_pb_gallery gallery_ids=&#8221;378&#8243; show_title_and_caption=&#8221;off&#8221; _builder_version=&#8221;4.23.4&#8243; _module_preset=&#8221;default&#8221; width=&#8221;70%&#8221; max_width=&#8221;95%&#8221; module_alignment=&#8221;center&#8221; filter_saturate=&#8221;0%&#8221; child_filter_opacity=&#8221;50%&#8221; global_colors_info=&#8221;{}&#8221;][\/et_pb_gallery][\/et_pb_column][et_pb_column type=&#8221;1_6&#8243; _builder_version=&#8221;4.16&#8243; custom_padding=&#8221;|||&#8221; global_colors_info=&#8221;{}&#8221; custom_padding__hover=&#8221;|||&#8221;][et_pb_gallery gallery_ids=&#8221;377&#8243; show_title_and_caption=&#8221;off&#8221; zoom_icon_color=&#8221;#000000&#8243; _builder_version=&#8221;4.23.4&#8243; _module_preset=&#8221;default&#8221; width=&#8221;80%&#8221; child_filter_brightness=&#8221;0%&#8221; child_filter_opacity=&#8221;50%&#8221; global_colors_info=&#8221;{}&#8221;][\/et_pb_gallery][\/et_pb_column][et_pb_column type=&#8221;1_6&#8243; _builder_version=&#8221;4.16&#8243; custom_padding=&#8221;|||&#8221; global_colors_info=&#8221;{}&#8221; custom_padding__hover=&#8221;|||&#8221;][\/et_pb_column][et_pb_column type=&#8221;1_6&#8243; _builder_version=&#8221;4.16&#8243; custom_padding=&#8221;|||&#8221; global_colors_info=&#8221;{}&#8221; custom_padding__hover=&#8221;|||&#8221;][\/et_pb_column][et_pb_column type=&#8221;1_6&#8243; _builder_version=&#8221;4.16&#8243; custom_padding=&#8221;|||&#8221; global_colors_info=&#8221;{}&#8221; custom_padding__hover=&#8221;|||&#8221;][\/et_pb_column][\/et_pb_row][\/et_pb_section][et_pb_section fb_built=&#8221;1&#8243; _builder_version=&#8221;4.24.0&#8243; _module_preset=&#8221;default&#8221; background_enable_color=&#8221;off&#8221; background_image=&#8221;http:\/\/www.mnwebdesign.nstrefa.pl\/mojapolska\/wp-content\/uploads\/2023\/12\/ebook-24.png&#8221; background_position=&#8221;bottom_center&#8221; background_repeat=&#8221;repeat&#8221; custom_margin=&#8221;-50px||||false|false&#8221; custom_padding=&#8221;2px||||false|false&#8221; border_radii=&#8221;off||||&#8221; border_color_all=&#8221;#31d190&#8243; border_width_left=&#8221;10px&#8221; global_colors_info=&#8221;{}&#8221;][et_pb_row _builder_version=&#8221;4.23.4&#8243; _module_preset=&#8221;default&#8221; max_width=&#8221;960px&#8221; custom_padding=&#8221;40px|||||&#8221; border_radii=&#8221;off|6px|||&#8221; border_color_all=&#8221;#7CDA24&#8243; global_colors_info=&#8221;{}&#8221;][et_pb_column type=&#8221;4_4&#8243; _builder_version=&#8221;4.23.4&#8243; _module_preset=&#8221;default&#8221; global_colors_info=&#8221;{}&#8221;][et_pb_text _builder_version=&#8221;4.23.4&#8243; _module_preset=&#8221;default&#8221; global_colors_info=&#8221;{}&#8221;]<\/p>\n<h2 style=\"text-align: center;\"><span style=\"color: #333333;\">DLACZEGO AZURE POWERSHELL KIT<\/span><\/h2>\n<p><span style=\"color: #333333;\"><\/span><\/p>\n<p><span style=\"color: #494949;\">Potrzebujesz przej\u0105\u0107 kontrole nad zasobami w Azure?<\/span><\/p>\n<p><span style=\"color: #494949;\">Jeste\u015b w dobrym miejscu.<\/span><\/p>\n<p><span style=\"color: #494949;\">Kompleksowy zestaw, kt\u00f3ry pomo\u017ce Tobie na efektywne zarz\u0105dzania zasobami oraz minimalizacj\u0119 ponoszonych koszt\u00f3w Twojej chmury. <\/span><span style=\"color: #494949;\">Dzi\u0119ki Azure PowerShell Kit zyskujesz natychmiastowy dost\u0119p do wyselekcjonowanych zasob\u00f3w, kt\u00f3re zbierane by\u0142y przez kilka lat pracy z technologi\u0105 Microsoft oraz chmur\u0105 publiczn\u0105 Azure.\u00a0<\/span><\/p>\n<p><span style=\"color: #494949;\"><span>To nieskomplikowane, lecz zdumiewaj\u0105ce w swojej prostocie <\/span> skrypty i funkcj\u0119 PowerShell, zapytania Kusto oraz check-listy, kt\u00f3re dostarczaj\u0105 Tobie cennych informacji o Twoim \u015brodowisku Azure i chroni\u0105 Ci\u0119 przed kosztownymi b\u0142\u0119dami. <\/span><\/p>\n<p><em><span style=\"color: #494949;\">Oszcz\u0119d\u017a czas i zwi\u0119ksz efektywno\u015b\u0107.<\/span><\/em><\/p>\n<p>[\/et_pb_text][\/et_pb_column][\/et_pb_row][\/et_pb_section][et_pb_section fb_built=&#8221;1&#8243; admin_label=&#8221;Samples&#8221; _builder_version=&#8221;4.23.4&#8243; custom_margin=&#8221;-25px||||false|false&#8221; custom_padding=&#8221;||||false|false&#8221; border_width_left=&#8221;10px&#8221; locked=&#8221;off&#8221; global_colors_info=&#8221;{}&#8221;][et_pb_row _builder_version=&#8221;4.23.4&#8243; custom_margin=&#8221;-10px|auto||auto||&#8221; global_colors_info=&#8221;{}&#8221;][et_pb_column type=&#8221;4_4&#8243; _builder_version=&#8221;4.16&#8243; custom_padding=&#8221;|||&#8221; global_colors_info=&#8221;{}&#8221; custom_padding__hover=&#8221;|||&#8221;][et_pb_text _builder_version=&#8221;4.16&#8243; header_font=&#8221;||||||||&#8221; header_2_font=&#8221;Montserrat|800||on|||||&#8221; header_2_text_color=&#8221;#000000&#8243; header_2_font_size=&#8221;60px&#8221; header_2_line_height=&#8221;1.2em&#8221; module_alignment=&#8221;right&#8221; custom_padding=&#8221;|0px||||&#8221; header_2_font_size_tablet=&#8221;40px&#8221; header_2_font_size_phone=&#8221;25px&#8221; header_2_font_size_last_edited=&#8221;on|desktop&#8221; locked=&#8221;off&#8221; global_colors_info=&#8221;{}&#8221;]<\/p>\n<h2 style=\"text-align: center;\"><span style=\"font-size: x-large;\">Zobacz co znajdziesz w \u015arodku<\/span><\/h2>\n<p>[\/et_pb_text][\/et_pb_column][\/et_pb_row][et_pb_row _builder_version=&#8221;4.16&#8243; global_colors_info=&#8221;{}&#8221;][et_pb_column type=&#8221;4_4&#8243; _builder_version=&#8221;4.16&#8243; custom_padding=&#8221;|||&#8221; global_colors_info=&#8221;{}&#8221; custom_padding__hover=&#8221;|||&#8221;][et_pb_image src=&#8221;http:\/\/www.mnwebdesign.nstrefa.pl\/mojapolska\/wp-content\/uploads\/2024\/02\/azure-powershell-kit.png&#8221; title_text=&#8221;azure-powershell-kit&#8221; show_in_lightbox=&#8221;on&#8221; use_overlay=&#8221;on&#8221; overlay_icon_color=&#8221;#31d190&#8243; _builder_version=&#8221;4.24.0&#8243; border_color_all=&#8221;rgba(51,51,51,0.12)&#8221; global_colors_info=&#8221;{}&#8221;][\/et_pb_image][\/et_pb_column][\/et_pb_row][\/et_pb_section][et_pb_section fb_built=&#8221;1&#8243; admin_label=&#8221;Testimonials&#8221; _builder_version=&#8221;4.16&#8243; global_colors_info=&#8221;{}&#8221;][et_pb_row custom_padding_last_edited=&#8221;on|phone&#8221; _builder_version=&#8221;4.16&#8243; custom_padding=&#8221;|8vw||8vw&#8221; custom_padding_tablet=&#8221;|0vw||0vw||false&#8221; custom_padding_phone=&#8221;|0vw||0vw||true&#8221; locked=&#8221;off&#8221; global_colors_info=&#8221;{}&#8221;][et_pb_column type=&#8221;4_4&#8243; _builder_version=&#8221;4.16&#8243; custom_padding=&#8221;|||&#8221; global_colors_info=&#8221;{}&#8221; custom_padding__hover=&#8221;|||&#8221;][et_pb_image src=&#8221;http:\/\/www.mnwebdesign.nstrefa.pl\/mojapolska\/wp-content\/uploads\/2023\/12\/author-icon-12.png&#8221; align=&#8221;center&#8221; _builder_version=&#8221;4.16&#8243; width=&#8221;50px&#8221; always_center_on_mobile=&#8221;off&#8221; locked=&#8221;off&#8221; global_colors_info=&#8221;{}&#8221;][\/et_pb_image][et_pb_slider _builder_version=&#8221;4.23.4&#8243; header_level=&#8221;h4&#8243; header_font=&#8221;Montserrat|700|||||||&#8221; header_text_color=&#8221;#000000&#8243; header_font_size=&#8221;26px&#8221; header_line_height=&#8221;1.6em&#8221; body_font=&#8221;|700|||||||&#8221; body_text_color=&#8221;#31d190&#8243; background_color=&#8221;rgba(255,255,255,0)&#8221; custom_padding=&#8221;0px|0px||0px&#8221; header_font_size_tablet=&#8221;20px&#8221; header_font_size_phone=&#8221;18px&#8221; header_font_size_last_edited=&#8221;on|phone&#8221; text_shadow_style=&#8221;preset1&#8243; text_shadow_color=&#8221;rgba(0,0,0,0)&#8221; locked=&#8221;off&#8221; global_colors_info=&#8221;{}&#8221;][et_pb_slide heading=&#8221;Bardzo polecam wsp\u00f3\u0142prac\u0119. Profesjonalna pomoc przy skryptach PowerShell. Szybkie identyfikowanie i rozwi\u0105zywanie problem\u00f3w. Elastyczno\u015b\u0107 i doskona\u0142a obs\u0142uga!&#8221; arrows_custom_color=&#8221;#000000&#8243; dot_nav_custom_color=&#8221;#000000&#8243; _builder_version=&#8221;4.23.4&#8243; locked=&#8221;off&#8221; global_colors_info=&#8221;{}&#8221; sticky_transition=&#8221;on&#8221;]<\/p>\n<p>MARCIN BRANDYS<\/p>\n<p>[\/et_pb_slide][\/et_pb_slider][\/et_pb_column][\/et_pb_row][\/et_pb_section][et_pb_section fb_built=&#8221;1&#8243; admin_label=&#8221;Call To Action&#8221; _builder_version=&#8221;4.23.4&#8243; background_color=&#8221;#31d190&#8243; transform_translate=&#8221;-10px|0px&#8221; transform_translate_linked=&#8221;off&#8221; width=&#8221;93%&#8221; module_alignment=&#8221;right&#8221; custom_margin=&#8221;||10vw|||&#8221; custom_margin_tablet=&#8221;||20vw|&#8221; custom_margin_phone=&#8221;&#8221; custom_margin_last_edited=&#8221;on|phone&#8221; border_color_all=&#8221;#000000&#8243; border_width_right=&#8221;6vw&#8221; border_color_right=&#8221;#ffffff&#8221; box_shadow_style=&#8221;preset4&#8243; box_shadow_vertical=&#8221;0px&#8221; box_shadow_color=&#8221;#000000&#8243; locked=&#8221;off&#8221; global_colors_info=&#8221;{}&#8221;][et_pb_row column_structure=&#8221;3_5,2_5&#8243; _builder_version=&#8221;4.16&#8243; custom_margin=&#8221;-18px|auto||auto||&#8221; global_colors_info=&#8221;{}&#8221;][et_pb_column type=&#8221;3_5&#8243; _builder_version=&#8221;4.16&#8243; custom_padding=&#8221;|||&#8221; global_colors_info=&#8221;{}&#8221; custom_padding__hover=&#8221;|||&#8221;][et_pb_image src=&#8221;http:\/\/www.mnwebdesign.nstrefa.pl\/mojapolska\/wp-content\/uploads\/2023\/12\/author-icon-09-2.png&#8221; align=&#8221;center&#8221; _builder_version=&#8221;4.16&#8243; animation_direction=&#8221;bottom&#8221; always_center_on_mobile=&#8221;off&#8221; global_colors_info=&#8221;{}&#8221;][\/et_pb_image][et_pb_text _builder_version=&#8221;4.24.0&#8243; text_font=&#8221;||||||||&#8221; header_font=&#8221;||||||||&#8221; header_2_font=&#8221;Montserrat|800||on|||||&#8221; header_2_font_size=&#8221;60px&#8221; header_2_line_height=&#8221;1.2em&#8221; header_3_font=&#8221;Montserrat|700|||||||&#8221; header_3_font_size=&#8221;16px&#8221; header_3_line_height=&#8221;1.4em&#8221; text_orientation=&#8221;center&#8221; background_layout=&#8221;dark&#8221; module_alignment=&#8221;right&#8221; text_font_size_tablet=&#8221;16px&#8221; text_font_size_phone=&#8221;14px&#8221; text_font_size_last_edited=&#8221;on|phone&#8221; text_line_height_tablet=&#8221;1.8em&#8221; text_line_height_phone=&#8221;1.7em&#8221; text_line_height_last_edited=&#8221;off|phone&#8221; header_2_font_size_tablet=&#8221;40px&#8221; header_2_font_size_phone=&#8221;25px&#8221; header_2_font_size_last_edited=&#8221;on|desktop&#8221; global_colors_info=&#8221;{}&#8221;]<\/p>\n<h2>JU\u017b WKR\u00d3TCE!<\/h2>\n<p><span>Odkryj pot\u0119g\u0119 po\u0142\u0105czenia PowerShell z Azure! Gotowe zapytania Kusto, skrypty PowerShell i unikalne dodatki u\u0142atwi\u0105 Ci efektywne zarz\u0105dzanie zasobami w chmurze<\/span><\/p>\n<p>[\/et_pb_text][et_pb_signup provider=&#8221;mailerlite&#8221; mailerlite_list=&#8221;OpsDock|110016609703167215&#8243; first_name_field=&#8221;off&#8221; last_name_field=&#8221;off&#8221; button_text=&#8221;Jestem zainteresowany!&#8221; _builder_version=&#8221;4.24.0&#8243; form_field_font=&#8221;||||||||&#8221; form_field_line_height=&#8221;1.8em&#8221; use_background_color=&#8221;off&#8221; custom_button=&#8221;on&#8221; button_text_size=&#8221;16px&#8221; button_text_color=&#8221;#ffffff&#8221; button_bg_color=&#8221;#31d190&#8243; button_border_width=&#8221;2px&#8221; button_border_color=&#8221;#FFFFFF&#8221; button_border_radius=&#8221;0px&#8221; button_font=&#8221;Montserrat|700|||||||&#8221; button_use_icon=&#8221;off&#8221; border_radii_fields=&#8221;on|0px|0px|0px|0px&#8221; global_colors_info=&#8221;{}&#8221;][\/et_pb_signup][\/et_pb_column][et_pb_column type=&#8221;2_5&#8243; _builder_version=&#8221;4.16&#8243; custom_padding=&#8221;|||&#8221; global_colors_info=&#8221;{}&#8221; custom_padding__hover=&#8221;|||&#8221;][et_pb_image src=&#8221;http:\/\/www.mnwebdesign.nstrefa.pl\/mojapolska\/wp-content\/uploads\/2024\/02\/cover-azure-powershell-kit.png&#8221; title_text=&#8221;cover-azure-powershell-kit&#8221; align_tablet=&#8221;center&#8221; align_phone=&#8221;&#8221; align_last_edited=&#8221;on|desktop&#8221; _builder_version=&#8221;4.24.0&#8243; max_width_tablet=&#8221;400px&#8221; max_width_phone=&#8221;&#8221; max_width_last_edited=&#8221;on|desktop&#8221; custom_margin=&#8221;||-180px&#8221; custom_padding=&#8221;|||&#8221; animation_direction=&#8221;bottom&#8221; box_shadow_style=&#8221;preset3&#8243; box_shadow_vertical=&#8221;40px&#8221; box_shadow_blur=&#8221;80px&#8221; box_shadow_spread=&#8221;-20px&#8221; box_shadow_color=&#8221;rgba(0,0,0,0.8)&#8221; global_colors_info=&#8221;{}&#8221;][\/et_pb_image][\/et_pb_column][\/et_pb_row][\/et_pb_section]<\/p>\n","protected":false},"excerpt":{"rendered":"<p>Azure POWERSHELL KIT Odkryj pot\u0119g\u0119 po\u0142\u0105czenia PowerShell z Azure! Gotowe skrypty PowerShell, zapytania Kusto i inne unikalne dodatki u\u0142atwi\u0105 Ci efektywne zarz\u0105dzanie zasobami w chmurze. Zyskaj pe\u0142n\u0105 kontrol\u0119. 10+ skrypt\u00f3w PowerShell zwi\u0105zanych z zarz\u0105dzaniem kosztami, certyfikatami i rezerwacjami kilka innych przydatnych skrypt\u00f3w do pracy z Azure\u00a0 30 zapyta\u0144 Kusto Query Language (KQL) z podzia\u0142em na [&hellip;]<\/p>\n","protected":false},"author":1,"featured_media":0,"parent":0,"menu_order":0,"comment_status":"closed","ping_status":"closed","template":"","meta":{"_et_pb_use_builder":"on","_et_pb_old_content":"","_et_gb_content_width":"","footnotes":""},"_links":{"self":[{"href":"https:\/\/www.mnwebdesign.nstrefa.pl\/mojapolska\/wp-json\/wp\/v2\/pages\/286"}],"collection":[{"href":"https:\/\/www.mnwebdesign.nstrefa.pl\/mojapolska\/wp-json\/wp\/v2\/pages"}],"about":[{"href":"https:\/\/www.mnwebdesign.nstrefa.pl\/mojapolska\/wp-json\/wp\/v2\/types\/page"}],"author":[{"embeddable":true,"href":"https:\/\/www.mnwebdesign.nstrefa.pl\/mojapolska\/wp-json\/wp\/v2\/users\/1"}],"replies":[{"embeddable":true,"href":"https:\/\/www.mnwebdesign.nstrefa.pl\/mojapolska\/wp-json\/wp\/v2\/comments?post=286"}],"version-history":[{"count":54,"href":"https:\/\/www.mnwebdesign.nstrefa.pl\/mojapolska\/wp-json\/wp\/v2\/pages\/286\/revisions"}],"predecessor-version":[{"id":459,"href":"https:\/\/www.mnwebdesign.nstrefa.pl\/mojapolska\/wp-json\/wp\/v2\/pages\/286\/revisions\/459"}],"wp:attachment":[{"href":"https:\/\/www.mnwebdesign.nstrefa.pl\/mojapolska\/wp-json\/wp\/v2\/media?parent=286"}],"curies":[{"name":"wp","href":"https:\/\/api.w.org\/{rel}","templated":true}]}}