{"id":1085,"date":"2024-12-05T18:52:27","date_gmt":"2024-12-05T18:52:27","guid":{"rendered":"https:\/\/www.mnwebdesign.nstrefa.pl\/bibsy.cc\/?post_type=product&#038;p=1085"},"modified":"2025-01-03T12:48:44","modified_gmt":"2025-01-03T12:48:44","slug":"tygu","status":"publish","type":"product","link":"https:\/\/www.mnwebdesign.nstrefa.pl\/bibsy.cc\/produkt\/tygu\/","title":{"rendered":"TYGU | \u017bywiec"},"content":{"rendered":"<p>[et_pb_section fb_built=&#8221;1&#8243; _builder_version=&#8221;4.16&#8243; custom_padding=&#8221;0px||||false|false&#8221; global_colors_info=&#8221;{}&#8221;][et_pb_row _builder_version=&#8221;4.16&#8243; background_size=&#8221;initial&#8221; background_position=&#8221;top_left&#8221; background_repeat=&#8221;repeat&#8221; width=&#8221;100%&#8221; custom_padding=&#8221;0px||0px||false|false&#8221; global_colors_info=&#8221;{}&#8221;][et_pb_column type=&#8221;4_4&#8243; _builder_version=&#8221;4.16&#8243; custom_padding=&#8221;|||&#8221; global_colors_info=&#8221;{}&#8221; custom_padding__hover=&#8221;|||&#8221;][et_pb_wc_breadcrumb _builder_version=&#8221;4.16&#8243; global_colors_info=&#8221;{}&#8221;][\/et_pb_wc_breadcrumb][et_pb_wc_cart_notice _builder_version=&#8221;4.16&#8243; global_colors_info=&#8221;{}&#8221;][\/et_pb_wc_cart_notice][\/et_pb_column][\/et_pb_row][et_pb_row column_structure=&#8221;1_2,1_2&#8243; _builder_version=&#8221;4.16&#8243; background_size=&#8221;initial&#8221; background_position=&#8221;top_left&#8221; background_repeat=&#8221;repeat&#8221; width=&#8221;100%&#8221; custom_padding=&#8221;0px||||false|false&#8221; global_colors_info=&#8221;{}&#8221;][et_pb_column type=&#8221;1_2&#8243; _builder_version=&#8221;4.16&#8243; custom_padding=&#8221;|||&#8221; global_colors_info=&#8221;{}&#8221; custom_padding__hover=&#8221;|||&#8221;][et_pb_wc_images _builder_version=&#8221;4.16&#8243; global_colors_info=&#8221;{}&#8221;][\/et_pb_wc_images][\/et_pb_column][et_pb_column type=&#8221;1_2&#8243; _builder_version=&#8221;4.16&#8243; custom_padding=&#8221;|||&#8221; global_colors_info=&#8221;{}&#8221; custom_padding__hover=&#8221;|||&#8221;][et_pb_wc_title _builder_version=&#8221;4.16&#8243; global_colors_info=&#8221;{}&#8221;][\/et_pb_wc_title][et_pb_wc_add_to_cart _builder_version=&#8221;4.16&#8243; global_colors_info=&#8221;{}&#8221;][\/et_pb_wc_add_to_cart][et_pb_wc_rating _builder_version=&#8221;4.16&#8243; global_colors_info=&#8221;{}&#8221;][\/et_pb_wc_rating][et_pb_wc_price _builder_version=&#8221;4.16&#8243; global_colors_info=&#8221;{}&#8221;][\/et_pb_wc_price][et_pb_wc_description _builder_version=&#8221;4.16&#8243; global_colors_info=&#8221;{}&#8221;][\/et_pb_wc_description][et_pb_wc_meta admin_label=&#8221;Meta produktu Woo&#8221; _builder_version=&#8221;4.26.1&#8243; global_colors_info=&#8221;{}&#8221;][\/et_pb_wc_meta][\/et_pb_column][\/et_pb_row][et_pb_row _builder_version=&#8221;4.16&#8243; background_size=&#8221;initial&#8221; background_position=&#8221;top_left&#8221; background_repeat=&#8221;repeat&#8221; width=&#8221;100%&#8221; global_colors_info=&#8221;{}&#8221;][et_pb_column type=&#8221;4_4&#8243; _builder_version=&#8221;4.16&#8243; custom_padding=&#8221;|||&#8221; global_colors_info=&#8221;{}&#8221; custom_padding__hover=&#8221;|||&#8221;][et_pb_wc_tabs _builder_version=&#8221;4.16&#8243; global_colors_info=&#8221;{}&#8221;] [\/et_pb_wc_tabs][et_pb_wc_upsells _builder_version=&#8221;4.16&#8243; global_colors_info=&#8221;{}&#8221;][\/et_pb_wc_upsells][\/et_pb_column][\/et_pb_row][\/et_pb_section]<\/p>\n","protected":false},"excerpt":{"rendered":"<h3>W SIECI O MARCE<\/h3>\n<p>https:\/\/etnh.cc\/recenzja-kurtka-i-spodnie-przeciwdeszczowe-tygu-dzik\/<\/p>\n","protected":false},"featured_media":1086,"comment_status":"open","ping_status":"closed","template":"","meta":{"_et_pb_use_builder":"on","_et_pb_old_content":"TYGU powsta\u0142o z pasji do kolarstwa g\u00f3rskiego i ch\u0119ci tworzenia produkt\u00f3w, kt\u00f3re odpowiadaj\u0105 na potrzeby rowerzyst\u00f3w. Zesp\u00f3\u0142 marki sk\u0142ada si\u0119 z entuzjast\u00f3w sport\u00f3w g\u00f3rskich, kt\u00f3rzy od najm\u0142odszych lat sp\u0119dzaj\u0105 czas na rowerach w g\u00f3rach. TYGU nie korzysta z tradycyjnych strategii marketingowych, lecz koncentruje si\u0119 na autentycznym zrozumieniu potrzeb swoich klient\u00f3w, oferuj\u0105c im produkty zaprojektowane przez rowerzyst\u00f3w dla rowerzyst\u00f3w.\r\n\r\n<strong>Asortyment\r\n<\/strong>Marka TYGU specjalizuje si\u0119 w produkcji odzie\u017cy rowerowej, w tym odzie\u017cy dedykowanej dla kolarzy g\u00f3rskich (MTB). Oferuj\u0105 szeroki asortyment, w sk\u0142ad kt\u00f3rego wchodz\u0105:\r\n<ul class=\"marker:text-textOff list-disc pl-8\">\r\n \t<li><strong>Jersey<\/strong>\u00a0(koszulki rowerowe)<\/li>\r\n \t<li><strong>Spodenki<\/strong>\u00a0(w tym modele Enduro i Rover Trail)<\/li>\r\n \t<li><strong>Spodnie<\/strong>\u00a0(d\u0142ugie i kr\u00f3tkie)<\/li>\r\n \t<li><strong>Kurtki<\/strong>\u00a0(w tym kurtki przeciwdeszczowe)<\/li>\r\n \t<li><strong>Akcesoria<\/strong>\u00a0(gogle, r\u0119kawice, okulary)<\/li>\r\n<\/ul>\r\nProdukty TYGU s\u0105 projektowane z my\u015bl\u0105 o funkcjonalno\u015bci i komforcie podczas jazdy w trudnych warunkach. Wykorzystuj\u0105 materia\u0142y wysokiej jako\u015bci, takie jak we\u0142na Merino oraz poliester z recyklingu (rPET), co czyni je ekologicznymi i trwa\u0142ymi. Marka stawia na testowanie swoich produkt\u00f3w w\u015br\u00f3d profesjonalnych zawodnik\u00f3w, co zapewnia ich niezawodno\u015b\u0107 i dostosowanie do potrzeb rowerzyst\u00f3w MTB<strong>\r\n<\/strong>\r\n\r\n<strong>Jako\u015b\u0107 i funkcjonalno\u015b\u0107\r\n<\/strong>Odzie\u017c TYGU wyr\u00f3\u017cnia si\u0119 zastosowaniem materia\u0142\u00f3w z recyklingu, w tym poliester (rPET) pozyskiwany z przetworzonych butelek PET. Dzi\u0119ki temu marka przyczynia si\u0119 do ochrony \u015brodowiska, wykorzystuj\u0105c materia\u0142y, kt\u00f3re w przeciwnym razie mog\u0142yby trafi\u0107 na wysypiska. Produkty charakteryzuj\u0105 si\u0119 wysok\u0105 jako\u015bci\u0105 wykonania oraz funkcjonalno\u015bci\u0105, co sprawia, \u017ce s\u0105 idealne dla aktywnych rowerzyst\u00f3w poszukuj\u0105cych niezawodnej odzie\u017cy.\r\n\r\n<strong>Kontakt\r\n<\/strong>TYGU\r\nul. Kopernika 92a\r\n34-300 \u017bywiec\r\n\r\nNr. telefonu: +48 533 150 105\r\nEmail: <a href=\"mailto:kontakt@gotygu.com\">kontakt@gotygu.com<\/a>","_et_gb_content_width":"","_links_to":"","_links_to_target":""},"product_brand":[],"product_cat":[25],"product_tag":[43],"class_list":{"0":"post-1085","1":"product","2":"type-product","3":"status-publish","4":"has-post-thumbnail","6":"product_cat-ciuchy","7":"product_tag-mtb","9":"first","10":"instock","11":"shipping-taxable","12":"product-type-external"},"_links":{"self":[{"href":"https:\/\/www.mnwebdesign.nstrefa.pl\/bibsy.cc\/wp-json\/wp\/v2\/product\/1085"}],"collection":[{"href":"https:\/\/www.mnwebdesign.nstrefa.pl\/bibsy.cc\/wp-json\/wp\/v2\/product"}],"about":[{"href":"https:\/\/www.mnwebdesign.nstrefa.pl\/bibsy.cc\/wp-json\/wp\/v2\/types\/product"}],"replies":[{"embeddable":true,"href":"https:\/\/www.mnwebdesign.nstrefa.pl\/bibsy.cc\/wp-json\/wp\/v2\/comments?post=1085"}],"wp:featuredmedia":[{"embeddable":true,"href":"https:\/\/www.mnwebdesign.nstrefa.pl\/bibsy.cc\/wp-json\/wp\/v2\/media\/1086"}],"wp:attachment":[{"href":"https:\/\/www.mnwebdesign.nstrefa.pl\/bibsy.cc\/wp-json\/wp\/v2\/media?parent=1085"}],"wp:term":[{"taxonomy":"product_brand","embeddable":true,"href":"https:\/\/www.mnwebdesign.nstrefa.pl\/bibsy.cc\/wp-json\/wp\/v2\/product_brand?post=1085"},{"taxonomy":"product_cat","embeddable":true,"href":"https:\/\/www.mnwebdesign.nstrefa.pl\/bibsy.cc\/wp-json\/wp\/v2\/product_cat?post=1085"},{"taxonomy":"product_tag","embeddable":true,"href":"https:\/\/www.mnwebdesign.nstrefa.pl\/bibsy.cc\/wp-json\/wp\/v2\/product_tag?post=1085"}],"curies":[{"name":"wp","href":"https:\/\/api.w.org\/{rel}","templated":true}]}}